{"id":7099,"date":"2020-02-06T01:16:52","date_gmt":"2020-02-06T00:16:52","guid":{"rendered":"http:\/\/wp.kruch.com\/zertifikate\/"},"modified":"2026-02-18T20:47:40","modified_gmt":"2026-02-18T19:47:40","slug":"certificates","status":"publish","type":"page","link":"https:\/\/kruch.com\/en\/certificates\/","title":{"rendered":"Certificates"},"content":{"rendered":"<p>[et_pb_section fb_built=&#8221;1&#8243; _builder_version=&#8221;4.18.0&#8243; _module_preset=&#8221;a403cd28-8603-46e6-9e19-28ab533bffc1&#8243; background_image=&#8221;https:\/\/kruch.com\/wp-content\/uploads\/2020\/02\/header-bedingungen.jpg&#8221; global_colors_info=&#8221;{}&#8221;][et_pb_row _builder_version=&#8221;4.16&#8243; custom_padding=&#8221;||0px|||&#8221; global_colors_info=&#8221;{}&#8221;][et_pb_column type=&#8221;4_4&#8243; _builder_version=&#8221;4.16&#8243; custom_padding=&#8221;|||&#8221; global_colors_info=&#8221;{}&#8221; custom_padding__hover=&#8221;|||&#8221;][et_pb_text _builder_version=&#8221;4.16&#8243; header_font=&#8221;|300||on|||||&#8221; header_text_color=&#8221;#ffffff&#8221; header_font_size=&#8221;54px&#8221; global_colors_info=&#8221;{}&#8221;]<\/p>\n<h1>Certificates<\/h1>\n<p>[\/et_pb_text][et_pb_divider show_divider=&#8221;off&#8221; disabled_on=&#8221;on|off|off&#8221; _builder_version=&#8221;4.18.0&#8243; height=&#8221;50px&#8221; global_colors_info=&#8221;{}&#8221;][\/et_pb_divider][\/et_pb_column][\/et_pb_row][\/et_pb_section][et_pb_section fb_built=&#8221;1&#8243; _builder_version=&#8221;4.16&#8243; locked=&#8221;off&#8221; global_colors_info=&#8221;{}&#8221;][et_pb_row use_custom_gutter=&#8221;on&#8221; gutter_width=&#8221;2&#8243; make_equal=&#8221;on&#8221; _builder_version=&#8221;4.24.2&#8243; max_width=&#8221;1700px&#8221; global_colors_info=&#8221;{}&#8221;][et_pb_column type=&#8221;4_4&#8243; _builder_version=&#8221;4.16&#8243; background_color=&#8221;#efefef&#8221; background_color_gradient_direction=&#8221;161deg&#8221; custom_padding=&#8221;40px|40px|40px|40px|true|true&#8221; border_width_all=&#8221;12px&#8221; border_color_all=&#8221;#ffffff&#8221; global_colors_info=&#8221;{}&#8221;][et_pb_text _builder_version=&#8221;4.24.2&#8243; global_colors_info=&#8221;{}&#8221;]<\/p>\n<h3 style=\"text-align: left;\">CERTIFICATE: Austria G\u00fctezeichen<\/h3>\n<p>(\u00d6QA &#8211; \u00d6sterreichische Arbeitsgemeinschaft zur F\u00f6rderung der Qualit\u00e4t&#8221;)<\/p>\n<p>[\/et_pb_text][et_pb_gallery gallery_ids=&#8221;11526&#8243; posts_number=&#8221;2&#8243; _builder_version=&#8221;4.24.2&#8243; title_level=&#8221;h4&#8243; title_font=&#8221;|||on|||||&#8221; title_font_size=&#8221;18px&#8221; custom_css_gallery_item_caption=&#8221;margin-bottom:40px;&#8221; border_width_all_image=&#8221;1px&#8221; border_color_all_image=&#8221;#9e9e9e&#8221; global_colors_info=&#8221;{}&#8221;][\/et_pb_gallery][et_pb_text _builder_version=&#8221;4.24.2&#8243; global_colors_info=&#8221;{}&#8221;][\/et_pb_text][\/et_pb_column][\/et_pb_row][et_pb_row column_structure=&#8221;1_3,1_3,1_3&#8243; use_custom_gutter=&#8221;on&#8221; gutter_width=&#8221;2&#8243; make_equal=&#8221;on&#8221; _builder_version=&#8221;4.27.4&#8243; max_width=&#8221;1700px&#8221; global_colors_info=&#8221;{}&#8221;][et_pb_column type=&#8221;1_3&#8243; _builder_version=&#8221;4.16&#8243; background_color=&#8221;#efefef&#8221; background_color_gradient_direction=&#8221;161deg&#8221; custom_padding=&#8221;40px|40px|40px|40px|true|true&#8221; border_width_all=&#8221;12px&#8221; border_color_all=&#8221;#ffffff&#8221; global_colors_info=&#8221;{}&#8221;][et_pb_text _builder_version=&#8221;4.16&#8243; header_3_font=&#8221;|||on|||||&#8221; global_colors_info=&#8221;{}&#8221;]<\/p>\n<h3>Certificate: Quality Management<\/h3>\n<p><span>ISO 9001:2015<\/span><\/p>\n<p>[\/et_pb_text][et_pb_gallery show_title_and_caption=&#8221;off&#8221; show_pagination=&#8221;off&#8221; _builder_version=&#8221;4.27.4&#8243; custom_margin=&#8221;||0px||false|false&#8221; custom_padding=&#8221;||0px||false|false&#8221; hover_enabled=&#8221;0&#8243; custom_css_gallery_item=&#8221;margin-bottom:10px !important;&#8221; global_colors_info=&#8221;{}&#8221; gallery_ids=&#8221;11702&#8243; sticky_enabled=&#8221;0&#8243;][\/et_pb_gallery][et_pb_text _builder_version=&#8221;4.19.5&#8243; custom_margin=&#8221;||30px||false|false&#8221; global_colors_info=&#8221;{}&#8221;]<\/p>\n<p><strong>CERTIFICATE ISO 9001:2015<\/strong><br \/>(from \u201equality austria\u201c)<\/p>\n<p>[\/et_pb_text][et_pb_gallery gallery_ids=&#8221;11043&#8243; show_title_and_caption=&#8221;off&#8221; show_pagination=&#8221;off&#8221; _builder_version=&#8221;4.19.5&#8243; custom_margin=&#8221;||0px||false|false&#8221; custom_padding=&#8221;||0px||false|false&#8221; custom_css_gallery_item=&#8221;margin-bottom:10px !important;&#8221; global_colors_info=&#8221;{}&#8221;][\/et_pb_gallery][et_pb_text _builder_version=&#8221;4.19.5&#8243; global_colors_info=&#8221;{}&#8221;]<\/p>\n<p><strong>CERTIFICATE ISO 9001:2015<\/strong><br \/>(from \u201eThe International Qualification Network\u201c)<\/p>\n<p>[\/et_pb_text][\/et_pb_column][et_pb_column type=&#8221;1_3&#8243; _builder_version=&#8221;4.16&#8243; background_color=&#8221;#efefef&#8221; background_color_gradient_direction=&#8221;161deg&#8221; custom_padding=&#8221;40px|40px|40px|40px|true|true&#8221; border_width_all=&#8221;12px&#8221; border_color_all=&#8221;#ffffff&#8221; global_colors_info=&#8221;{}&#8221;][et_pb_text _builder_version=&#8221;4.16&#8243; global_colors_info=&#8221;{}&#8221;]<\/p>\n<h3>CERTIFICATE: ENVIRONMENTAL MANAGEMENT<\/h3>\n<p><span>ISO 14001:2015<\/span>[\/et_pb_text][et_pb_gallery gallery_ids=&#8221;11694&#8243; show_title_and_caption=&#8221;off&#8221; show_pagination=&#8221;off&#8221; _builder_version=&#8221;4.27.4&#8243; custom_margin=&#8221;||0px||false|false&#8221; custom_padding=&#8221;||0px||false|false&#8221; custom_css_gallery_item=&#8221;margin-bottom:10px !important;&#8221; global_colors_info=&#8221;{}&#8221;][\/et_pb_gallery][et_pb_text _builder_version=&#8221;4.19.5&#8243; custom_margin=&#8221;||30px||false|false&#8221; global_colors_info=&#8221;{}&#8221;]<\/p>\n<p><strong>CERTIFICATE ISO 14001:2015<\/strong><br \/>(from &#8220;quality austria&#8221;)<\/p>\n<p>[\/et_pb_text][et_pb_gallery gallery_ids=&#8221;11047&#8243; show_title_and_caption=&#8221;off&#8221; show_pagination=&#8221;off&#8221; _builder_version=&#8221;4.19.5&#8243; custom_margin=&#8221;||0px||false|false&#8221; custom_padding=&#8221;||0px||false|false&#8221; custom_css_gallery_item=&#8221;margin-bottom:10px !important;&#8221; global_colors_info=&#8221;{}&#8221;][\/et_pb_gallery][et_pb_text _builder_version=&#8221;4.19.5&#8243; global_colors_info=&#8221;{}&#8221;]<\/p>\n<p><strong>CERTIFICATE ISO 14001:2015<\/strong><br \/>(from \u201eThe International Qualification Network\u201c)<\/p>\n<p>[\/et_pb_text][\/et_pb_column][et_pb_column type=&#8221;1_3&#8243; _builder_version=&#8221;4.16&#8243; background_color=&#8221;#efefef&#8221; background_color_gradient_direction=&#8221;161deg&#8221; custom_padding=&#8221;40px|40px|40px|40px|true|true&#8221; border_width_all=&#8221;12px&#8221; border_color_all=&#8221;#ffffff&#8221; global_colors_info=&#8221;{}&#8221;][et_pb_text _builder_version=&#8221;4.16&#8243; global_colors_info=&#8221;{}&#8221;]<\/p>\n<h3>CERTIFICATE: OCCUPATIONAL HEALTH AND SAFETY MANAGEMENT SYSTEMS<\/h3>\n<p>ISO 45001:2018[\/et_pb_text][et_pb_gallery gallery_ids=&#8221;11696&#8243; show_title_and_caption=&#8221;off&#8221; show_pagination=&#8221;off&#8221; _builder_version=&#8221;4.27.4&#8243; custom_margin=&#8221;||0px||false|false&#8221; custom_padding=&#8221;||0px||false|false&#8221; custom_css_gallery_item=&#8221;margin-bottom:10px !important;&#8221; global_colors_info=&#8221;{}&#8221;][\/et_pb_gallery][et_pb_text _builder_version=&#8221;4.19.5&#8243; custom_margin=&#8221;||30px||false|false&#8221; global_colors_info=&#8221;{}&#8221;]<\/p>\n<p><strong>CERTIFICATE ISO 45001:2018<\/strong><br \/>(from &#8220;quality austria&#8221;)<\/p>\n<p>[\/et_pb_text][et_pb_gallery gallery_ids=&#8221;11051&#8243; show_title_and_caption=&#8221;off&#8221; show_pagination=&#8221;off&#8221; _builder_version=&#8221;4.19.5&#8243; custom_margin=&#8221;||0px||false|false&#8221; custom_padding=&#8221;||0px||false|false&#8221; custom_css_gallery_item=&#8221;margin-bottom:10px !important;&#8221; global_colors_info=&#8221;{}&#8221;][\/et_pb_gallery][et_pb_text _builder_version=&#8221;4.19.5&#8243; global_colors_info=&#8221;{}&#8221;]<\/p>\n<p><strong>CERTIFICATE ISO 45001:2018<\/strong><br \/>(from &#8220;The International Qualification Network&#8221;)<\/p>\n<p>[\/et_pb_text][\/et_pb_column][\/et_pb_row][et_pb_row column_structure=&#8221;1_3,1_3,1_3&#8243; use_custom_gutter=&#8221;on&#8221; gutter_width=&#8221;2&#8243; make_equal=&#8221;on&#8221; _builder_version=&#8221;4.16&#8243; max_width=&#8221;1700px&#8221; global_colors_info=&#8221;{}&#8221;][et_pb_column type=&#8221;1_3&#8243; _builder_version=&#8221;4.16&#8243; background_color=&#8221;#efefef&#8221; background_color_gradient_direction=&#8221;161deg&#8221; custom_padding=&#8221;40px|40px|40px|40px|true|true&#8221; border_width_all=&#8221;12px&#8221; border_color_all=&#8221;#ffffff&#8221; global_colors_info=&#8221;{}&#8221;][et_pb_text _builder_version=&#8221;4.16&#8243; global_colors_info=&#8221;{}&#8221;]<\/p>\n<h3>\u00d6NORM EN 1090<\/h3>\n<p>[\/et_pb_text][et_pb_gallery gallery_ids=&#8221;11698&#8243; posts_number=&#8221;2&#8243; show_pagination=&#8221;off&#8221; _builder_version=&#8221;4.27.4&#8243; title_level=&#8221;h4&#8243; title_font=&#8221;|||on|||||&#8221; title_font_size=&#8221;18px&#8221; custom_css_gallery_item_caption=&#8221;margin-bottom:40px;&#8221; border_width_all_image=&#8221;1px&#8221; border_color_all_image=&#8221;#9e9e9e&#8221; global_colors_info=&#8221;{}&#8221;][\/et_pb_gallery][\/et_pb_column][et_pb_column type=&#8221;1_3&#8243; _builder_version=&#8221;4.16&#8243; background_color=&#8221;#efefef&#8221; background_color_gradient_direction=&#8221;161deg&#8221; custom_padding=&#8221;40px|40px|40px|40px|true|true&#8221; border_width_all=&#8221;12px&#8221; border_color_all=&#8221;#ffffff&#8221; global_colors_info=&#8221;{}&#8221;][et_pb_text _builder_version=&#8221;4.16&#8243; global_colors_info=&#8221;{}&#8221;]<\/p>\n<h3>EN ISO 3834-2<\/h3>\n<p>[\/et_pb_text][et_pb_gallery gallery_ids=&#8221;11700&#8243; posts_number=&#8221;2&#8243; show_pagination=&#8221;off&#8221; _builder_version=&#8221;4.27.4&#8243; title_level=&#8221;h4&#8243; title_font=&#8221;|||on|||||&#8221; title_font_size=&#8221;18px&#8221; custom_css_gallery_item_caption=&#8221;margin-bottom:40px;&#8221; border_width_all_image=&#8221;1px&#8221; border_color_all_image=&#8221;#9e9e9e&#8221; global_colors_info=&#8221;{}&#8221;][\/et_pb_gallery][\/et_pb_column][et_pb_column type=&#8221;1_3&#8243; _builder_version=&#8221;4.16&#8243; background_color=&#8221;#efefef&#8221; background_color_gradient_direction=&#8221;161deg&#8221; custom_padding=&#8221;40px|40px|40px|40px|true|true&#8221; border_width_all=&#8221;12px&#8221; border_color_all=&#8221;#ffffff&#8221; global_colors_info=&#8221;{}&#8221;][et_pb_text _builder_version=&#8221;4.16&#8243; global_colors_info=&#8221;{}&#8221;]<\/p>\n<h3>BGF SEAL OF QUALITY<\/h3>\n<p>[\/et_pb_text][et_pb_gallery gallery_ids=&#8221;11025&#8243; posts_number=&#8221;1&#8243; show_title_and_caption=&#8221;off&#8221; _builder_version=&#8221;4.19.4&#8243; title_level=&#8221;h4&#8243; title_font=&#8221;|||on|||||&#8221; title_font_size=&#8221;18px&#8221; custom_css_gallery_item_caption=&#8221;margin-bottom:40px;&#8221; border_width_all_image=&#8221;1px&#8221; border_color_all_image=&#8221;#9e9e9e&#8221; global_colors_info=&#8221;{}&#8221;][\/et_pb_gallery][\/et_pb_column][\/et_pb_row][\/et_pb_section]<\/p>\n","protected":false},"excerpt":{"rendered":"<p>CertificatesCERTIFICATE: Austria G\u00fctezeichen (\u00d6QA &#8211; \u00d6sterreichische Arbeitsgemeinschaft zur F\u00f6rderung der Qualit\u00e4t&#8221;)Certificate: Quality Management ISO 9001:2015CERTIFICATE ISO 9001:2015(from \u201equality austria\u201c)CERTIFICATE ISO 9001:2015(from \u201eThe International Qualification Network\u201c)CERTIFICATE: ENVIRONMENTAL MANAGEMENT ISO 14001:2015CERTIFICATE ISO 14001:2015(from &#8220;quality austria&#8221;)CERTIFICATE ISO 14001:2015(from \u201eThe International Qualification Network\u201c)CERTIFICATE: OCCUPATIONAL HEALTH AND SAFETY MANAGEMENT SYSTEMS ISO 45001:2018CERTIFICATE ISO 45001:2018(from &#8220;quality austria&#8221;)CERTIFICATE ISO 45001:2018(from &#8220;The International [&hellip;]<\/p>\n","protected":false},"author":2,"featured_media":0,"parent":0,"menu_order":0,"comment_status":"closed","ping_status":"closed","template":"","meta":{"_acf_changed":false,"_et_pb_use_builder":"on","_et_pb_old_content":"<!-- wp:divi\/placeholder \/-->","_et_gb_content_width":"","footnotes":""},"difl_page_category":[],"class_list":["post-7099","page","type-page","status-publish","hentry"],"acf":[],"_links":{"self":[{"href":"https:\/\/kruch.com\/en\/wp-json\/wp\/v2\/pages\/7099","targetHints":{"allow":["GET"]}}],"collection":[{"href":"https:\/\/kruch.com\/en\/wp-json\/wp\/v2\/pages"}],"about":[{"href":"https:\/\/kruch.com\/en\/wp-json\/wp\/v2\/types\/page"}],"author":[{"embeddable":true,"href":"https:\/\/kruch.com\/en\/wp-json\/wp\/v2\/users\/2"}],"replies":[{"embeddable":true,"href":"https:\/\/kruch.com\/en\/wp-json\/wp\/v2\/comments?post=7099"}],"version-history":[{"count":29,"href":"https:\/\/kruch.com\/en\/wp-json\/wp\/v2\/pages\/7099\/revisions"}],"predecessor-version":[{"id":11717,"href":"https:\/\/kruch.com\/en\/wp-json\/wp\/v2\/pages\/7099\/revisions\/11717"}],"wp:attachment":[{"href":"https:\/\/kruch.com\/en\/wp-json\/wp\/v2\/media?parent=7099"}],"wp:term":[{"taxonomy":"difl_page_category","embeddable":true,"href":"https:\/\/kruch.com\/en\/wp-json\/wp\/v2\/difl_page_category?post=7099"}],"curies":[{"name":"wp","href":"https:\/\/api.w.org\/{rel}","templated":true}]}}