{"id":6873,"date":"2020-07-16T17:42:12","date_gmt":"2020-07-16T15:42:12","guid":{"rendered":"http:\/\/wp.kruch.com\/?page_id=6873"},"modified":"2024-03-19T14:25:05","modified_gmt":"2024-03-19T13:25:05","slug":"career","status":"publish","type":"page","link":"https:\/\/kruch.com\/en\/career\/","title":{"rendered":"Career"},"content":{"rendered":"<p>[et_pb_section fb_built=&#8221;1&#8243; _builder_version=&#8221;4.18.0&#8243; _module_preset=&#8221;a403cd28-8603-46e6-9e19-28ab533bffc1&#8243; global_colors_info=&#8221;{}&#8221;][et_pb_row _builder_version=&#8221;4.16&#8243; custom_padding=&#8221;||0px|||&#8221; global_colors_info=&#8221;{}&#8221;][et_pb_column type=&#8221;4_4&#8243; _builder_version=&#8221;4.16&#8243; custom_padding=&#8221;|||&#8221; global_colors_info=&#8221;{}&#8221; custom_padding__hover=&#8221;|||&#8221;][et_pb_text _builder_version=&#8221;4.16&#8243; header_font=&#8221;|300||on|||||&#8221; header_text_color=&#8221;#ffffff&#8221; header_font_size=&#8221;54px&#8221; global_colors_info=&#8221;{}&#8221;]<\/p>\n<h1>Career<\/h1>\n<p>[\/et_pb_text][et_pb_text _builder_version=&#8221;4.18.0&#8243; _module_preset=&#8221;a8203e2f-bff5-4d07-943d-4828e619693f&#8221; global_colors_info=&#8221;{}&#8221;]<\/p>\n<p>Ing. Karl und Albert Kruch is one of the leading Austrian quality companies. We have experience in the railway sector since more than 140 years. Our products combine not only the best functionality but also a high user friendly utilization. They offer an impressive cost potential cut down and they reduce also the life cycle costs. The research and development is a key priority in our company. New products and services are developed here in Vienna every year and are brought into the market.<\/p>\n<p>[\/et_pb_text][\/et_pb_column][\/et_pb_row][\/et_pb_section][et_pb_section fb_built=&#8221;1&#8243; _builder_version=&#8221;4.18.0&#8243; _module_preset=&#8221;a32c3774-eb51-42d1-866d-b4d139c15fd1&#8243; global_colors_info=&#8221;{}&#8221;][et_pb_row column_structure=&#8221;1_2,1_2&#8243; use_custom_gutter=&#8221;on&#8221; gutter_width=&#8221;4&#8243; make_equal=&#8221;on&#8221; _builder_version=&#8221;4.18.0&#8243; max_width=&#8221;1090px&#8221; custom_padding=&#8221;||50px|||&#8221; global_colors_info=&#8221;{}&#8221;][et_pb_column type=&#8221;1_2&#8243; _builder_version=&#8221;4.16&#8243; background_color=&#8221;rgba(0,0,0,0)&#8221; global_colors_info=&#8221;{}&#8221; custom_padding__hover=&#8221;|||&#8221;][et_pb_blurb use_icon=&#8221;on&#8221; font_icon=&#8221;&#x5a;||divi||400&#8243; icon_placement=&#8221;left&#8221; image_icon_width=&#8221;69px&#8221; icon_placement_tablet=&#8221;left&#8221; icon_placement_phone=&#8221;top&#8221; icon_placement_last_edited=&#8221;on|phone&#8221; _builder_version=&#8221;4.18.0&#8243; custom_margin=&#8221;40px||||false|false&#8221; custom_margin_tablet=&#8221;0px||||false|false&#8221; custom_margin_phone=&#8221;0px||||false|false&#8221; custom_margin_last_edited=&#8221;on|phone&#8221; icon_font_size=&#8221;69px&#8221; global_colors_info=&#8221;{}&#8221;]<\/p>\n<h3>We <strong>thank<\/strong> our <strong>success&#8230;<\/strong><\/h3>\n<p><span>&#8230;to our more than 20 workers team, who with their work have shaped the international Railway sector positively. In 2013 was launched a new IT department, which is oriented to the international market.<\/span><\/p>\n<p>[\/et_pb_blurb][\/et_pb_column][et_pb_column type=&#8221;1_2&#8243; _builder_version=&#8221;4.16&#8243; background_color=&#8221;#efefef&#8221; custom_padding=&#8221;40px|30px|40px|30px|true|true&#8221; global_colors_info=&#8221;{}&#8221; custom_padding__hover=&#8221;|||&#8221;][et_pb_text _builder_version=&#8221;4.18.0&#8243; global_colors_info=&#8221;{}&#8221;]<\/p>\n<h3><strong>Interested?<\/strong><\/h3>\n<p>Please send us your application including CV, job references and existing certificates to <a href=\"mailto:jobs@kruch.com\">jobs@kruch.com<\/a> or by mail:<\/p>\n<p>KRUCH Railway Innovations GmbH &amp; Co. KG<br \/>Human Resources<br \/>Pfarrgasse 87<br \/>1230 Vienna<br \/>Austria<\/p>\n<p>[\/et_pb_text][\/et_pb_column][\/et_pb_row][et_pb_row _builder_version=&#8221;4.24.2&#8243; hover_enabled=&#8221;0&#8243; global_colors_info=&#8221;{}&#8221; sticky_enabled=&#8221;0&#8243; disabled_on=&#8221;on|on|on&#8221; disabled=&#8221;on&#8221;][et_pb_column type=&#8221;4_4&#8243; _builder_version=&#8221;4.16&#8243; global_colors_info=&#8221;{}&#8221;][et_pb_text _builder_version=&#8221;4.16&#8243; hover_enabled=&#8221;0&#8243; global_colors_info=&#8221;{}&#8221; sticky_enabled=&#8221;0&#8243;]<\/p>\n<h2>Job offers<\/h2>\n<p>[\/et_pb_text][et_pb_accordion _builder_version=&#8221;4.18.0&#8243; locked=&#8221;off&#8221; global_colors_info=&#8221;{}&#8221;][et_pb_accordion_item title=&#8221;SALESINGENIEUR \/ VERTRIEBSAUSSENDIENST (momentan ausgeblendet)&#8221; open=&#8221;on&#8221; _builder_version=&#8221;4.18.0&#8243; custom_css_main_element=&#8221;display:none;&#8221; global_colors_info=&#8221;{}&#8221; toggle_font_size=&#8221;24px&#8221;]<\/p>\n<p><strong>Anforderungen:<\/strong><\/p>\n<ul>\n<li>Mehrj\u00e4hrige Berufserfahrung (min. 3 Jahre) im technischen Vertrieb (bevorzugt im Eisenbahnbereich)<\/li>\n<li>Eine erfolgreich abgeschlossene technische Ausbildung (HTL, FH, TU) mit Schwerpunkt Elektrotechnik\/Elektronik oder Mechatronik.<\/li>\n<li>Sehr gute Englischkenntnisse<\/li>\n<li>Erfahrung in der Angebotskalkulation<\/li>\n<li>Sehr gute EDV-Kenntnisse (MS-Office, ein ERP-System: ideal INFOR)<\/li>\n<li>Technik-Begeisterung und Verst\u00e4ndnis<\/li>\n<li>Hohes technisches Verst\u00e4ndnis und Lernbereitschaft<\/li>\n<li>Hohe Eigenmotivation sowie organisierter und strukturierter Arbeitsweise<\/li>\n<li>Selbstmotivierte Pers\u00f6nlichkeit mit Wille zum Erfolg und hohe Belastbarkeit<\/li>\n<li>Zuverl\u00e4ssigkeit<\/li>\n<li>Reisebereitschaft im In- und Ausland und F\u00fchrerschein Klasse B<\/li>\n<\/ul>\n<p><strong>T\u00e4tigkeitsbereich:<\/strong><\/p>\n<ul>\n<li>Organisation und Durchf\u00fchrung von Verkaufsau\u00dfendienstt\u00e4tigkeiten<\/li>\n<li>Neukundenakquisition<\/li>\n<li>Ausbau und Betreuung von lokalen Handelsvertretungen<\/li>\n<li>Bearbeitung von Kundenanfragen (technische Abkl\u00e4rung \u2013 Beratung)<\/li>\n<li>Angebotslegung mit Angebotskalkulation<\/li>\n<li>Bearbeitung von \u00f6ffentlichen Ausschreibungen<\/li>\n<\/ul>\n<p><strong>Unser Angebot:<\/strong><\/p>\n<ul>\n<li>Breitgef\u00e4chertes Aufgabengebiet mit einem hohen Ma\u00df an Eigenverantwortung und Gestaltungsm\u00f6glichkeiten<\/li>\n<li>Angenehmes Betriebsklima in einem engagierten Team<\/li>\n<li>Sch\u00f6ne B\u00fcror\u00e4umlichkeiten<\/li>\n<li>Monatliches Mindestgehalt ab EUR brutto 2.500,- auf Basis einer Vollzeitbesch\u00e4ftigung. Eine \u00dcberzahlung ist gem\u00e4\u00df Ihrer Ausbildung und Vorerfahrung m\u00f6glich.<\/li>\n<\/ul>\n<p>Wir freuen uns auf Ihre vollst\u00e4ndigen Bewerbungsunterlagen inkl. Foto und des fr\u00fchestm\u00f6glichen Eintrittstermins.<\/p>\n<p>KRUCH GmbH &amp; Co KG,<br \/>z.Hd. Personalabteilung<br \/>Pfarrgasse 87<br \/>1230 Wien<br \/>Email: jobs@kruch.com<\/p>\n<p>[\/et_pb_accordion_item][et_pb_accordion_item title=&#8221;MITARBEITER (M\/W) IM BEREICH KONSTRUKTION&#8221; _builder_version=&#8221;4.18.0&#8243; global_colors_info=&#8221;{}&#8221; toggle_font_size=&#8221;24px&#8221; open=&#8221;off&#8221;]<\/p>\n<p><strong>Anforderungen:<\/strong><\/p>\n<ul>\n<li>Mehrj\u00e4hrige Berufserfahrung (min. 5 Jahre) in der Konstruktion von metalltechnischen Produkten (bevorzugt Eisenbahn insbesondere Fahrleitungsbau)<\/li>\n<li>abgeschlossene technische Ausbildung (min. HTL und\/oder BSc\/MSc\/DI) mit Schwerpunkt Maschinenbau<\/li>\n<li>Sehr gute Inventor-Kenntnisse<\/li>\n<li>Sehr gute Deutsch- und Englischkenntnisse<\/li>\n<li>fundiertes Wissen \u00fcber Fertigungsprozesse, Maschinen, Metallbezeichnungen und Qualit\u00e4ten, Schwei\u00dfprozesse \u2026<\/li>\n<li>Erfahrung in der Anwendung von FEM<\/li>\n<li>Sehr gute EDV-Kenntnisse (MS-Office, ein ERP-System: ideal INFOR)<\/li>\n<li>Technik-Begeisterung und Verst\u00e4ndnis (auch f\u00fcr Neuentwicklungen)<\/li>\n<li>Hohes technisches Verst\u00e4ndnis und Lernbereitschaft<\/li>\n<li>Hohe Eigenmotivation sowie organisierte und strukturierte Arbeitsweise<\/li>\n<li>Selbstmotivierte Pers\u00f6nlichkeit mit Willen zum Erfolg und hohe Belastbarkeit<\/li>\n<li>Zuverl\u00e4ssigkeit<\/li>\n<\/ul>\n<p><strong>T\u00e4tigkeitsbereich:<\/strong><\/p>\n<ul>\n<li>Erstellung von Konstruktionszeichnungen insbesondere von 3-D Modelle und der davon abgeleiteten Fertigungszeichnungen mit Inventor<\/li>\n<li>Pr\u00fcfung der technischen Realisierbarkeit bei Neuentwicklungen<\/li>\n<li>Bewertung bzw. Betrachtung der Wirtschaftlichkeit von mechanischen Konstruktionen<\/li>\n<li>Technische Unterst\u00fctzung des Vertriebsau\u00dfendienstes und der Vertriebspartner<\/li>\n<li>Ausarbeitung von St\u00fccklisten<\/li>\n<li>Mitarbeit bei der Arbeitsvorbereitung<\/li>\n<li>Erstellung technischer Dokumentation (Handb\u00fccher, Anforderungsspezifikation, Testspezifikation und Testberichte, Montageanleitung usw.)<\/li>\n<li>Statische Auslegung von mechanischen Konstruktionen<\/li>\n<li>Planung, Durchf\u00fchrung und Dokumentation von Tests<\/li>\n<li>Praktische Anwendung von FEM im Rahmen der Konstruktion von mechanischen Bauteilen<\/li>\n<\/ul>\n<p><strong>Arbeitszeit:<\/strong><\/p>\n<ul>\n<li>Montag bis Freitag<\/li>\n<li>Vollzeit<\/li>\n<\/ul>\n<p><strong>Entlohnung:<\/strong><\/p>\n<p>Das monatliche Mindestgehalt gem\u00e4\u00df dem g\u00fcltigen Kollektivvertrag bei min. 6 Jahren einschl\u00e4giger Erfahrung betr\u00e4gt EUR brutto 3.358,16,-.<\/p>\n<p>Eine \u00dcberzahlung ist gem\u00e4\u00df Ihrer Ausbildung und Vorerfahrung und auf Basis einer All-In Vereinbarung m\u00f6glich.<\/p>\n<p>&nbsp;<\/p>\n<p>Wir freuen uns auf Ihre vollst\u00e4ndigen Bewerbungsunterlagen inkl. Foto und des fr\u00fchestm\u00f6glichen Eintrittstermins.<\/p>\n<p>KRUCH GmbH &amp; Co KG,<br \/>z.Hd. Personalabteilung<br \/>Pfarrgasse 87<br \/>1230 Wien<br \/>Email: office@kruch.at<\/p>\n<p>[\/et_pb_accordion_item][et_pb_accordion_item title=&#8221;VERTRIEBSMITARBEITER AUSSENDIENST (M\/W)&#8221; _builder_version=&#8221;4.18.0&#8243; global_colors_info=&#8221;{}&#8221; toggle_font_size=&#8221;24px&#8221; open=&#8221;off&#8221;]<\/p>\n<p><strong>Anforderungen:<\/strong><\/p>\n<ul>\n<li>Ausgezeichnete Englischkenntnisse (verhandlungssicher)<\/li>\n<li>Mehrj\u00e4hrige Berufserfahrung (min. 5 Jahre) im Vertrieb von technischen Produkten, bevorzugt Eisenbahn-\/Verkehrstechnik, Fahrleitungsprodukte<\/li>\n<li>abgeschlossene technische Ausbildung (mindestens HTL) mit Schwerpunkt Maschinenbau oder Elektrotechnik oder Mechatronik<\/li>\n<li>Hohe Eigenmotivation mit starker Zielorientierung<\/li>\n<li>Zuverl\u00e4ssigkeit, Selbstorganisation<\/li>\n<li>F\u00fchrerschein B und Bereitschaft f\u00fcr hohen Anteil an Reiset\u00e4tigkeit (50% weltweit)<\/li>\n<li>Gute EDV-Kenntnisse (MS Office, ERP-System von Vorteil)<\/li>\n<li>Abschlussst\u00e4rke, hohe Kunden- und Serviceorientierung, sehr gute kommunikative F\u00e4higkeiten<\/li>\n<li>Gepflegtes, gewinnendes und repr\u00e4sentatives Auftreten<\/li>\n<li>Teamplayer mit hoher sozialer Kompetenz<\/li>\n<\/ul>\n<p><strong>T\u00e4tigkeitsbereich:<\/strong><\/p>\n<ul>\n<li>Intensive Betreuung unserer Kunden und Vertriebspartner (Ansprechperson Nr. 1 f\u00fcr Kunden von Anfrage bis zur Auslieferung)<\/li>\n<li>Schnittstelle zwischen Kunden und internen Stellen wie Vertriebsinnendienst, Konstruktion und Produktion<\/li>\n<li>Neukundengewinnung und zielorientierter Verkauf<\/li>\n<li>Betreuung und Weiterentwicklung des bestehenden Kundenstamms<\/li>\n<li>Markt- und Wettbewerbsbeobachtung<\/li>\n<li>Kundenschulungen und Produktpr\u00e4sentationen<\/li>\n<li>Planung von Verkaufsveranstaltungen (Messen)<\/li>\n<li>Berichterstattung an die Gesch\u00e4ftsf\u00fchrung<\/li>\n<\/ul>\n<p><strong>Unser Angebot:<\/strong><\/p>\n<ul>\n<li>Familiengef\u00fchrtes Unternehmen mit kurzen und effizienten Entscheidungswegen<\/li>\n<li>Ein exzellentes Sortiment mit hochwertigen Produkten f\u00fcr einen interessanten, globalen und wachsenden Markt<\/li>\n<li>Abwechslungsreiches und vielseitiges Aufgabengebiet<\/li>\n<li>Flexible Arbeitszeiten<\/li>\n<li>Homroffice<\/li>\n<li>Firmenhandy<\/li>\n<li>Leistungsorientierte Entlohnung<\/li>\n<\/ul>\n<p><strong>Arbeitszeit:<\/strong> Montag bis Freitag<\/p>\n<p><strong>Vollzeit Entlohnung:<\/strong> Wir bieten ein interessantes Entlohnungspaket auf Basis einer All In Vereinbarung inkl. leistungsabh\u00e4ngige Tantieme in Abh\u00e4ngigkeit Ihrer Ausbildung und Vorerfahrungen. Wir freuen uns auf Ihre vollst\u00e4ndigen Bewerbungsunterlagen inkl. Foto und des fr\u00fchestm\u00f6glichen Eintrittstermins.<\/p>\n<p>KRUCH GmbH &amp; Co KG,<br \/>z.Hd. Personalabteilung<br \/>Pfarrgasse 87<br \/>1230 Wien<br \/>Email: jobs@kruch.com<\/p>\n<p>[\/et_pb_accordion_item][et_pb_accordion_item title=&#8221;VERTRIEBSINNENDIENSTMITARBEITER\/IN&#8221; _builder_version=&#8221;4.18.0&#8243; global_colors_info=&#8221;{}&#8221; toggle_font_size=&#8221;24px&#8221; open=&#8221;off&#8221;]<\/p>\n<p><strong>Anforderungen:<\/strong><\/p>\n<ul>\n<li>Mehrj\u00e4hrige Berufserfahrung (min. 3 Jahre) im Vertriebsinnendienst<\/li>\n<li>Eine erfolgreich abgeschlossene technische Ausbildung (Fachschule oder HTL) mit Schwerpunkt Maschinenbau<\/li>\n<li><em>Alternativ auch abgeschlossene kaufm\u00e4nnische Ausbildung mit hoher technischer Affinit\u00e4t<\/em><\/li>\n<li>Ausgezeichnete Deutschkenntnisse<\/li>\n<li>Gute Englischkenntnisse, 2. Fremdsprache von Vorteil<\/li>\n<li>Gute EDV-Kenntnisse (MS-Office, ein ERP-System: ideal INFOR)<\/li>\n<li>Hohe Eigenmotivation sowie organisierte und strukturierte Arbeitsweise<\/li>\n<li>Gute Umgangsformen sowie professionelles, freundliches und gepflegtes Auftreten<\/li>\n<li>Starke Kundenorientierung und Kommunikationsf\u00e4higkeit<\/li>\n<li>Zuverl\u00e4ssigkeit<\/li>\n<\/ul>\n<p><strong>T\u00e4tigkeitsbereich:<\/strong><\/p>\n<ul>\n<li>Systemdatenpflege, Auftragsverwaltung und &#8211; \u00dcberwachung, Terminkoordination und Dokumentation<\/li>\n<li>Unterst\u00fctzung des Vertriebsau\u00dfendienstes<\/li>\n<li>Telefonische Kundenbetreuung<\/li>\n<li>Bearbeitung von Kundenanfragen<\/li>\n<li>Angebotslegung<\/li>\n<li>Koordination von Lieferungen mit der Produktion<\/li>\n<li>Kaufm\u00e4nnische Kundenreklamationsabwicklung<\/li>\n<\/ul>\n<p><strong>Unser Angebot:<\/strong><\/p>\n<ul>\n<li>Breitgef\u00e4chertes Aufgabengebiet mit einem hohen Ma\u00df an Eigenverantwortung und Gestaltungsm\u00f6glichkeiten<\/li>\n<li>Angenehmes Betriebsklima in einem engagierten Team<\/li>\n<li>Flexible Arbeitszeiten<\/li>\n<li>M\u00f6glichkeit von Homeoffice<\/li>\n<\/ul>\n<p><strong>Arbeitszeit<\/strong><\/p>\n<p>Je nach vereinbartem Stundenausma\u00df<\/p>\n<p><strong>Entlohnung:<\/strong><\/p>\n<p>Ihr kollektivvertragliches Mindestgehalt ist abh\u00e4ngig von der Einstufung gem\u00e4\u00df Kollektivvertrag f\u00fcr Angestellte des Metallgewerbes. Wir bieten Ihnen eine \u00dcberzahlung gem\u00e4\u00df Ihrer Ausbildung und Vorerfahrung an.<\/p>\n<p>Wir freuen uns auf Ihre vollst\u00e4ndigen Bewerbungsunterlagen inkl. Foto und Angabe zum fr\u00fchestm\u00f6glichen Eintrittstermin<\/p>\n<p>KRUCH GmbH &amp; Co KG,<br \/>z.Hd. Personalabteilung<br \/>Pfarrgasse 87<br \/>1230 Wien<br \/>Email: jobs@kruch.com<\/p>\n<p>[\/et_pb_accordion_item][\/et_pb_accordion][\/et_pb_column][\/et_pb_row][\/et_pb_section]<\/p>\n","protected":false},"excerpt":{"rendered":"<p>CareerIng. Karl und Albert Kruch is one of the leading Austrian quality companies. We have experience in the railway sector since more than 140 years. Our products combine not only the best functionality but also a high user friendly utilization. They offer an impressive cost potential cut down and they reduce also the life cycle [&hellip;]<\/p>\n","protected":false},"author":2,"featured_media":0,"parent":0,"menu_order":0,"comment_status":"closed","ping_status":"closed","template":"","meta":{"_acf_changed":false,"_et_pb_use_builder":"on","_et_pb_old_content":"","_et_gb_content_width":"","footnotes":""},"difl_page_category":[],"class_list":["post-6873","page","type-page","status-publish","hentry"],"acf":[],"_links":{"self":[{"href":"https:\/\/kruch.com\/en\/wp-json\/wp\/v2\/pages\/6873","targetHints":{"allow":["GET"]}}],"collection":[{"href":"https:\/\/kruch.com\/en\/wp-json\/wp\/v2\/pages"}],"about":[{"href":"https:\/\/kruch.com\/en\/wp-json\/wp\/v2\/types\/page"}],"author":[{"embeddable":true,"href":"https:\/\/kruch.com\/en\/wp-json\/wp\/v2\/users\/2"}],"replies":[{"embeddable":true,"href":"https:\/\/kruch.com\/en\/wp-json\/wp\/v2\/comments?post=6873"}],"version-history":[{"count":10,"href":"https:\/\/kruch.com\/en\/wp-json\/wp\/v2\/pages\/6873\/revisions"}],"predecessor-version":[{"id":11553,"href":"https:\/\/kruch.com\/en\/wp-json\/wp\/v2\/pages\/6873\/revisions\/11553"}],"wp:attachment":[{"href":"https:\/\/kruch.com\/en\/wp-json\/wp\/v2\/media?parent=6873"}],"wp:term":[{"taxonomy":"difl_page_category","embeddable":true,"href":"https:\/\/kruch.com\/en\/wp-json\/wp\/v2\/difl_page_category?post=6873"}],"curies":[{"name":"wp","href":"https:\/\/api.w.org\/{rel}","templated":true}]}}